{"id":344,"date":"2018-10-03T11:56:11","date_gmt":"2018-10-03T11:56:11","guid":{"rendered":"http:\/\/thulaptopcugiacao.com\/?page_id=344"},"modified":"2021-07-22T08:29:36","modified_gmt":"2021-07-22T08:29:36","slug":"dieu-khoan-su-dung","status":"publish","type":"page","link":"https:\/\/thulaptopcugiacao.com\/?page_id=344","title":{"rendered":"\u0110i\u1ec1u Kho\u1ea3n S\u1eed D\u1ee5ng"},"content":{"rendered":"<div data-blogger-escaped-style=\"margin-bottom: .0001pt; margin: 0cm; text-align: justify; text-justify: inter-ideograph;\">\n<p><span style=\"font-size: 12pt; font-family: verdana, geneva, sans-serif;\">Thulaptopcugiacao.com l\u00e0 trang blog c\u00e1 nh\u00e2n, t\u1ed5ng h\u1ee3p h\u1ee3p c\u00e1c kinh nghi\u1ec7m v\u1ec3 m\u00e1y t\u00ednh Laptop v\u00e0 c\u0169ng l\u00e0 trang d\u1ecbch v\u1ee5 v\u1ec1 thu mua laptop macbook c\u0169. T\u1ea5t c\u1ea3 c\u00e1c b\u00e0i vi\u1ebft, th\u00f4ng tin tr\u00ean trang \u0111\u1ec1u \u0111\u01b0\u1ee3c t\u00e1c gi\u1ea3 t\u1ef1 vi\u1ebft<b><i>.<\/i><\/b><\/span><\/p>\n<p><span style=\"font-size: 12pt; font-family: verdana, geneva, sans-serif;\">\u00a0Trong to\u00e0n b\u1ed9 n\u1ed9i dung b\u00e0i vi\u1ebft tr\u00ean <a href=\"https:\/\/Thulaptopcugiacao.com\">Thulaptopcugiacao.com<\/a>\u00a0s\u1ebd c\u00f3 m\u1ed9t s\u1ed1 li\u00ean l\u1ebft \u0111\u1ebfn trang b\u00ean ngo\u00e0i. C\u00e1c li\u00ean k\u1ebft n\u00e0y \u0111\u00e3 \u0111\u01b0\u1ee3c t\u00e1c gi\u1ea3 b\u00e0i vi\u1ebft xem x\u00e9t, \u0111\u1ecdc v\u00e0 ki\u1ec3m tr\u00e3 k\u1ef9 l\u01b0\u1ee1ng nh\u1eb1m \u0111\u1ea3m b\u1ea3o cung c\u1ea5p cho c\u00e1c b\u1ea1n n\u1ed9i dung v\u1edbi ch\u1ea5t l\u01b0\u1ee3ng t\u1ed1t nh\u1ea5t. Tuy nhi\u00ean, sau m\u1ed9t th\u1eddi gian th\u00ec c\u00e1c li\u00ean k\u1ebft n\u00e0y c\u00f3 th\u1ec3 b\u1ecb m\u1ea5t \u0111i, ho\u1eb7c n\u1ed9i dung b\u1ecb thay \u0111\u1ed5i b\u1edfi b\u00ean th\u1ee9 ba, n\u1eb1m ngo\u00e0i s\u1ef1 ki\u1ec3m so\u00e1t c\u1ee7a t\u00e1c gi\u1ea3. Trong nh\u1eefng tr\u01b0\u1eddng h\u1ee3p \u0111\u00f3, r\u1ea5t mong nh\u1eadn \u0111\u01b0\u1ee3c s\u1ef1 th\u00f4ng b\u00e1o c\u1ee7a c\u00e1c b\u1ea1n \u0111\u1ec3 ch\u00fang t\u00f4i \u0111i\u1ec1u ch\u1ec9nh, \u0111\u1ea3m b\u1ea3o ch\u1ea5t l\u01b0\u1ee3ng n\u1ed9i dung ch\u00ednh x\u00e1c.<\/span><\/p>\n<p><span style=\"font-size: 12pt; font-family: verdana, geneva, sans-serif;\">C\u00e1c th\u00f4ng tin \u0111\u01b0\u1ee3c trang thu mua l\u01b0u l\u1ea1i bao g\u1ed3m tr\u00ecnh duy\u1ec7t b\u1ea1n \u0111ang s\u1eed d\u1ee5ng, \u0111\u1ecba ch\u1ec9 IP, lo\u1ea1i tr\u00ecnh duy\u1ec7t, th\u00f3i quen t\u00ecm ki\u1ebfm, h\u00e0nh vi s\u1eed d\u1ee5ng, cookies, l\u1ecbch s\u1eed duy\u1ec7t blog, th\u00f4ng tin \u0111\u1ecba ch\u1ec9 email, t\u00ean tu\u1ed5i,&#8230;s\u1ebd ho\u00e0n to\u00e0n \u0111\u01b0\u1ee3c gi\u1eef k\u00edn. C\u00e1c th\u00f4ng tin n\u00e0y \u0111\u01b0\u1ee3c b\u1ea3o v\u1ec7 quy\u1ec1n ri\u00eang t\u01b0 tuy\u1ec7t \u0111\u1ed1i.<\/span><\/p>\n<h2><span style=\"font-size: 14pt; font-family: verdana, geneva, sans-serif;\">Quy\u1ec1n s\u1edf h\u1eefu tr\u00ed tu\u1ec7<\/span><\/h2>\n<\/div>\n<div data-blogger-escaped-style=\"background: #FDFEFE; margin-bottom: .0001pt; margin: 0cm; text-align: justify; text-justify: inter-ideograph;\">\n<p><span style=\"font-size: 12pt; font-family: verdana, geneva, sans-serif;\" data-blogger-escaped-lang=\"EN-GB\" data-blogger-escaped-style=\"font-family: Arial, sans-serif; font-size: 13.5pt;\">Ch\u1ee7 quy\u1ec1n : Ch\u00fang t\u00f4i c\u00f3 to\u00e0n b\u1ed9 quy\u1ec1n v\u1ec1 d\u1ecbch v\u1ee5 v\u00e0 n\u1ed9i dung trang web n\u00e0y.<\/span><\/p>\n<\/div>\n<div data-blogger-escaped-style=\"background: #FDFEFE; margin-bottom: .0001pt; margin: 0cm; text-align: justify; text-justify: inter-ideograph;\">\n<p><span style=\"font-size: 12pt; font-family: verdana, geneva, sans-serif;\">B\u1ea3n quy\u1ec1n : Ch\u00fang t\u00f4i s\u1edf h\u1eefu v\u00e0 \u0111\u01b0\u1ee3c ch\u1ee9ng nh\u1eadn b\u1ea3n quy\u1ec1n v\u1ec1 D\u1ecbch v\u1ee5 v\u00e0 n\u1ed9i dung trang <a href=\"https:\/\/thulaptopcugiacao.com\">Thulaptopcugiacao.com<\/a>. Theo nh\u01b0 m\u1ee5c \u0111\u00edch c\u1ee7a nh\u1eefng \u0111i\u1ec1u kho\u1ea3n m\u00f4 t\u1ea3 d\u01b0\u1edbi, theo quy\u1ec1n s\u1edf h\u1eefu tr\u00ed tu\u1ec7 v\u00e0 nh\u1eefng lu\u1eadt t\u01b0\u01a1ng t\u1ef1 theo v\u1ecb tr\u00ed \u0111\u1ecba l\u00fd c\u1ee7a b\u1ea1n, tr\u1eeb vi\u1ec7c \u1ee7y quy\u1ec1n trong nh\u1eefng \u0111i\u1ec1u kho\u1ea3n \u1edf b\u1ea3n th\u1ecfa thu\u1eadn n\u00e0y, b\u1ea1n kh\u00f4ng \u0111\u01b0\u1ee3c vi ph\u1ea1m \u0111i\u1ec1u kho\u1ea3n n\u00e0o v\u00e0 d\u01b0\u1edbi b\u1ea5t k\u1ef3 h\u00ecnh th\u1ee9c n\u00e0o.<\/span><\/p>\n<p><span style=\"font-size: 12pt; font-family: verdana, geneva, sans-serif;\">L\u1ea5y, t\u00e1i b\u1ea3n, l\u01b0u gi\u1eef, ph\u00e2n ph\u00e1t, in, ph\u00e1t h\u00e0nh, tr\u00ecnh b\u00e0y, trang tr\u00ed hay t\u1ea1o nh\u1eefng n\u1ed9i dung g\u00ec t\u1eeb d\u1ecbch v\u1ee5 hay trang Thulaptopcugiacao.com.<\/span><\/p>\n<p><span style=\"font-size: 12pt; font-family: verdana, geneva, sans-serif;\">Th\u01b0\u01a1ng m\u1ea1i h\u00f3a nh\u1eefng th\u00f4ng tin, s\u1ea3n ph\u1ea9m hay d\u1ecbch v\u1ee5 l\u1ea5y t\u1eeb m\u1ed9t ph\u1ea7n D\u1ecbch v\u1ee5 hay trang web\u00a0m\u00e0 kh\u00f4ng \u0111\u01b0\u1ee3c ch\u00fang t\u00f4i ch\u1ea5p nh\u1eadn b\u1eb1ng v\u0103n b\u1ea3n tru\u1edbc \u0111\u00f3.<\/span><\/p>\n<h2><span style=\"font-size: 14pt; font-family: verdana, geneva, sans-serif;\"><b>C\u00e1c li\u00ean k\u1ebft<\/b><\/span><\/h2>\n<\/div>\n<div data-blogger-escaped-style=\"background: #FDFEFE; margin-bottom: .0001pt; margin: 0cm; text-align: justify; text-justify: inter-ideograph;\">\n<p><span style=\"font-size: 12pt; font-family: verdana, geneva, sans-serif;\" data-blogger-escaped-lang=\"EN-GB\" data-blogger-escaped-style=\"font-family: Arial, sans-serif; font-size: 13.5pt;\">Trang web n\u00e0y c\u00f3 th\u1ec3 ch\u1ee9a nh\u1eefng \u0111\u01b0\u1eddng li\u00ean k\u1ebft t\u1edbi trang web c\u1ee7a c\u00e1c b\u00ean th\u1ee9 ba (kh\u00f4ng thu\u1ed9c quy\u1ec1n s\u1edf h\u1eefu ho\u1eb7c ki\u1ec3m so\u00e1t b\u1edfi ch\u00fang t\u00f4i). V\u00ec v\u1eady, ch\u00fang t\u00f4i kh\u00f4ng ch\u1ecbu tr\u00e1ch nhi\u1ec7m v\u1ec1 n\u1ed9i dung, c\u00e1c qui \u0111\u1ecbnh ri\u00eang v\u1edbi b\u1ea5t k\u1ef3 trang web c\u1ee7a b\u00ean th\u1ee9 ba n\u00e0o. Ch\u00fang t\u00f4i c\u0169ng s\u1ebd kh\u00f4ng ch\u1ecbu b\u1ea5t k\u1ef3 tr\u00e1ch nhi\u1ec7m g\u00ec v\u1ec1 c\u00e1c ngh\u0129a v\u1ee5 ph\u00e1p l\u00fd c\u1ee7a b\u1ea1n (n\u1ebfu c\u00f3) ph\u00e1t sinh t\u1eeb vi\u1ec7c b\u1ea1n s\u1eed d\u1ee5ng c\u00e1c trang web c\u1ee7a b\u00ean th\u1ee9 ba n\u00e0y. Do v\u1eady, ch\u00fang t\u00f4i khuy\u1ebfn c\u00e1o b\u1ea1n h\u00e3y th\u1ead\u0323n tr\u1ecdng v\u00e0 h\u00e3y \u0111\u1ecdc k\u1ef9 c\u00e1c qui \u0111\u1ecbnh chung v\u00e0 qui \u0111\u1ecbnh ri\u00eang c\u1ee7a m\u1ed7i trang web m\u00e0 b\u1ea1n gh\u00e9 th\u0103m.<\/span><\/p>\n<h2><span style=\"font-size: 14pt; font-family: verdana, geneva, sans-serif;\"><b>T\u1eeb ch\u1ed1i \u0111\u1ea3m b\u1ea3o<\/b><\/span><\/h2>\n<p><span style=\"font-size: 12pt; font-family: verdana, geneva, sans-serif;\">B\u1ea1n hi\u1ec3u r\u00f5 v\u00e0 \u0111\u1ed3ng \u00fd r\u1eb1ng : Do n\u1ed9i dung c\u1ee7a trang web \u0111\u01b0\u1ee3c c\u1eadp nh\u1eadt t\u1eeb nhi\u1ec1u ngu\u1ed3n kh\u00e1c nhau do ng\u01b0\u1eddi s\u1eed d\u1ee5ng \u0111\u0103ng t\u1ea3i, n\u00ean b\u1ea1n s\u1ebd ph\u1ea3i ho\u00e0n to\u00e0n t\u1ef1 ch\u1ecbu r\u1ee7i ro khi truy c\u1eadp trang web. Trong ph\u1ea1m vi cho ph\u00e9p c\u1ee7a ph\u00e1p lu\u1eadt, b\u1ed9 ph\u1eadn qu\u1ea3n l\u00fd v\u00e0 to\u00e0n b\u1ed9 c\u00f4ng nh\u00e2n vi\u00ean, c\u00e1c c\u00f4ng ty li\u00ean quan, c\u00e1c t\u1ed5 ch\u1ee9c li\u00ean k\u1ebft v\u1edbi website,\u00a0t\u1eeb ch\u1ed1i m\u1ed9t c\u00e1ch r\u00f5 r\u00e0ng m\u1ecdi s\u1ef1 b\u1ea3o \u0111\u1ea3m v\u1edbi\u00a0trang web. Ch\u00fang t\u00f4i kh\u00f4ng cam k\u1ebft, b\u1ea3o \u0111\u1ea3m cho t\u00ednh ch\u00ednh x\u00e1c ho\u1eb7c ho\u00e0n ch\u1ec9nh c\u1ee7a n\u1ed9i dung trang web v\u00e0 kh\u00f4ng c\u00f3 tr\u00e1ch nhi\u1ec7m v\u1edbi b\u1ea5t k\u1ef3 :<\/span><\/p>\n<ul>\n<li><span style=\"font-size: 12pt; font-family: verdana, geneva, sans-serif;\">L\u1ed7i ho\u1eb7c s\u1ef1 thi\u1ebfu ch\u00ednh x\u00e1c c\u1ee7a c\u00e1c th\u00f4ng tin tr\u00ean trang web. <\/span><\/li>\n<li><span style=\"font-size: 12pt; font-family: verdana, geneva, sans-serif;\">S\u1ef1 t\u1ed5n th\u1ea5t c\u00e1 nh\u00e2n ho\u1eb7c nh\u1eefng thi\u1ec7t h\u1ea1i v\u1ec1 t\u00e0i s\u1ea3n g\u00e2y ra t\u1eeb vi\u1ec7c s\u1eed d\u1ee5ng trang web. <\/span><\/li>\n<li><span style=\"font-size: 12pt; font-family: verdana, geneva, sans-serif;\">B\u1ea5t c\u1ee9 s\u1ef1 truy c\u1eadp b\u1ea5t h\u1ee3p ph\u00e1p t\u1edbi ho\u1eb7c s\u1eed d\u1ee5ng h\u1ec7 th\u1ed1ng, th\u00f4ng tin c\u00e1 nh\u00e2n, c\u00e1c th\u00f4ng tin v\u1ec1 t\u00e0i ch\u00ednh l\u01b0u tr\u1eef trong \u0111\u00f3. <\/span><\/li>\n<li><span style=\"font-size: 12pt; font-family: verdana, geneva, sans-serif;\">B\u1ea5t k\u1ef3 l\u1ed7i, virus, c\u00e1c ch\u01b0\u01a1ng tr\u00ecnh gi\u00e1n \u0111i\u1ec7p, ho\u1eb7c nh\u1eefng v\u1ea5n \u0111\u1ec1 t\u01b0\u01a1ng t\u1ef1 nh\u01b0 v\u1eady \u0111\u01b0\u1ee3c truy\u1ec1n t\u1edbi ho\u1eb7c t\u1eeb trang web c\u1ee7a ch\u00fang t\u00f4i b\u1edfi b\u00ean th\u1ee9 ba. <\/span><\/li>\n<li><span style=\"font-size: 12pt; font-family: verdana, geneva, sans-serif;\">B\u1ea5t k\u1ef3 t\u1ed5n th\u1ea5t, thi\u1ec7t h\u1ea1i c\u00f3 nguy\u00ean nh\u00e2n t\u1eeb vi\u1ec7c s\u1eed d\u1ee5ng n\u1ed9i dung tr\u00ean ho\u1eb7c qua trang web.<\/span><\/li>\n<\/ul>\n<h2><span style=\"font-size: 14pt; font-family: verdana, geneva, sans-serif;\"><b>Lo\u1ea1i tr\u1eeb tr\u00e1ch nhi\u1ec7m<\/b><\/span><\/h2>\n<p><span style=\"font-size: 12pt; font-family: verdana, geneva, sans-serif;\">Ch\u00fang t\u00f4i s\u1ebd kh\u00f4ng ch\u1ecbu tr\u00e1ch nhi\u1ec7m trong b\u1ea5t k\u1ef3 tr\u01b0\u1eddng h\u1ee3p n\u00e0o d\u01b0\u1edbi \u0111\u00e2y (bao g\u1ed3m nh\u01b0ng kh\u00f4ng gi\u1edbi h\u1ea1n) v\u1ec1: thi\u1ec7t h\u1ea1i tr\u1ef1c ti\u1ebfp, gi\u00e1n ti\u1ebfp, ng\u1eabu nhi\u00ean, \u0111\u1eb7c bi\u1ec7t, mang t\u00ednh tr\u1ea3 th\u00f9, ho\u1eb7c c\u00f3 h\u1eadu qu\u1ea3 t\u1eeb b\u1ea5t k\u1ef3 l\u00fd do n\u00e0o \u0111\u01b0\u1ee3c li\u1ec7t k\u00ea d\u01b0\u1edbi \u0111\u00e2y :<\/span><\/p>\n<ul>\n<li><span style=\"font-size: 12pt; font-family: verdana, geneva, sans-serif;\">N\u1ed9i dung (bao g\u1ed3m b\u1ea5t k\u1ef3 l\u1ed7i ho\u1eb7c s\u1ef1 thi\u1ebfu ch\u00ednh x\u00e1c trong \u0111\u00f3).<\/span><\/li>\n<li><span style=\"font-size: 12pt; font-family: verdana, geneva, sans-serif;\">Nh\u1eefng t\u1ed5n th\u1ea5t c\u00e1 nh\u00e2n ho\u1eb7c nh\u1eefng thi\u1ec7t h\u1ea1i b\u1ea5t kh\u1ea3 kh\u00e1ng v\u1ec1 t\u00e0i s\u1ea3n c\u00f3 nguy\u00ean nh\u00e2n t\u1eeb trang web. <\/span><\/li>\n<li><span style=\"font-size: 12pt; font-family: verdana, geneva, sans-serif;\">Vi\u1ec7c s\u1eed d\u1ee5ng b\u1ea5t h\u1ee3p ph\u00e1p c\u00e1c m\u00e1y ch\u1ee7 v\u00e0 s\u1eed d\u1ee5ng tr\u00e1i ph\u00e9p b\u1ea5t k\u1ef3 th\u00f4ng tin c\u00e1 nh\u00e2n, c\u00e1c th\u00f4ng tin t\u00e0i ch\u00ednh ch\u1ee9a trong \u0111\u00f3. <\/span><\/li>\n<li><span style=\"font-size: 12pt; font-family: verdana, geneva, sans-serif;\">B\u1ea5t k\u1ef3 s\u1ef1 gi\u00e1n \u0111o\u1ea1n ho\u1eb7c l\u1ed7i truy\u1ec1n t\u00edn hi\u1ec7u t\u1edbi ho\u1eb7c t\u1eeb trang web c\u1ee7a ch\u00fang t\u00f4i.\u00a0<\/span><\/li>\n<\/ul>\n<\/div>\n<div data-blogger-escaped-style=\"background: #FDFEFE; margin-bottom: .0001pt; margin: 0cm; text-align: justify; text-justify: inter-ideograph;\">\n<ul>\n<li><span style=\"font-size: 12pt; font-family: verdana, geneva, sans-serif;\" data-blogger-escaped-lang=\"EN-GB\" data-blogger-escaped-style=\"font-family: Arial, sans-serif; font-size: 13.5pt;\">B\u1ea5t k\u1ef3 l\u1ed7i, virus, ph\u1ea7n m\u1ec1m gi\u00e1n \u0111i\u1ec7p, ho\u1eb7c nh\u1eefng ph\u1ea7n m\u1ec1m t\u01b0\u01a1ng t\u1ef1 nh\u01b0 v\u1eady c\u00f3 th\u1ec3 b\u1ecb chuy\u1ec3n t\u1edbi ho\u1eb7c t\u1eeb trang web c\u1ee7a ch\u00fang t\u00f4i b\u1edfi b\u00ean th\u1ee9 ba.\u00a0<\/span><\/li>\n<\/ul>\n<\/div>\n<div data-blogger-escaped-style=\"background: #FDFEFE; margin-bottom: .0001pt; margin: 0cm; text-align: justify; text-justify: inter-ideograph;\">\n<ul>\n<li><span style=\"font-size: 12pt; font-family: verdana, geneva, sans-serif;\" data-blogger-escaped-lang=\"EN-GB\" data-blogger-escaped-style=\"font-family: Arial, sans-serif; font-size: 13.5pt;\">L\u1ed7i ho\u1eb7c sai s\u00f3t trong n\u1ed9i dung tin t\u1ee9c ho\u1eb7c nh\u1eefng thi\u1ec7t h\u1ea1i m\u1eafc ph\u1ea3i do vi\u1ec7c b\u1ea1n s\u1eed d\u1ee5ng n\u1ed9i dung tr\u00ean ho\u1eb7c th\u00f4ng qua trang web. Gi\u1edbi h\u1ea1n tr\u00e1ch nhi\u1ec7m \u0111\u00e3 n\u00f3i t\u1edbi tr\u00ean \u0111\u00e2y s\u1ebd \u00e1p d\u1ee5ng trong ph\u1ea1m vi \u0111i\u1ec1u ch\u1ec9nh c\u1ee7a lu\u1eadt ph\u00e1p \u0111\u1ed1i v\u1edbi t\u1eebng tr\u01b0\u1eddng h\u1ee3p c\u1ee5 th\u1ec3.<\/span><\/li>\n<\/ul>\n<h2><span style=\"font-size: 14pt;\">C\u1ea7n ch\u00fa \u00fd<\/span><\/h2>\n<p><span style=\"font-size: 12pt; font-family: verdana, geneva, sans-serif;\">Thulaptopcugiacao.com\u00a0s\u1ebd kh\u00f4ng ch\u1ecbu tr\u00e1ch nhi\u1ec7m v\u1edbi c\u00e1c n\u1ed9i dung m\u00e0 ng\u01b0\u1eddi s\u1eed\u00a0d\u1ee5ng \u0111\u0103ng t\u1ea3i tr\u00ean trang web, ho\u1eb7c s\u1ef1 c\u00f4ng k\u00edch, nh\u1ea1o b\u00e1ng, tr\u00e1i v\u1edbi \u0111\u1ea1o \u0111\u1ee9c c\u1ee7a b\u1ea5t k\u1ef3 b\u00ean th\u1ee9 ba n\u00e0o v\u00e0 nh\u1eefng r\u1ee7i ro nh\u01b0 \u0111\u00e3 \u0111\u01b0\u1ee3c li\u1ec7t k\u00ea tr\u00ean \u0111\u00e2y.<\/span><\/p>\n<ul>\n<li><span style=\"font-size: 12pt; font-family: verdana, geneva, sans-serif;\">Nh\u1eefng b\u1ea1n n\u00e0o chia s\u1ebb ho\u1eb7c s\u1eed d\u1ee5ng m\u1ed9t ph\u1ea7n ho\u1eb7c t\u1ea5t c\u1ea3 b\u00e0i vi\u1ebft c\u1ee7a trang web n\u00e0y c\u1ea7n ghi ngu\u1ed3n v\u00e0 \u0111\u01b0\u1eddng d\u1eabn tr\u1ef1c ti\u1ebfp \u0111\u1ebfn b\u00e0i vi\u1ebft \u0111\u00f3.<\/span><\/li>\n<li><span style=\"font-size: 12pt; font-family: verdana, geneva, sans-serif;\">Nh\u1eefng trang web mang t\u00ednh th\u01b0\u01a1ng m\u1ea1i khi chia s\u1ebb ho\u1eb7c s\u1eed d\u1ee5ng tr\u00ean 3 b\u00e0i vi\u1ebft c\u1ee7a trang web n\u00e0y c\u1ea7n ph\u1ea3i email v\u00e0 \u0111\u01b0\u1ee3c ch\u1ea5p thu\u1eadn tr\u01b0\u1edbc c\u1ee7a t\u00e1c gi\u1ea3 website.<\/span><\/li>\n<li><span style=\"font-size: 12pt; font-family: verdana, geneva, sans-serif;\">R\u1ea5t mong c\u00e1c b\u1ea1n h\u1ee3p t\u00e1c \u0111\u1ec3 ch\u00fang ta c\u00f9ng nhau t\u1ea1o ra m\u1ed9t m\u00f4i tr\u01b0\u1eddng h\u1ecdc t\u1eadp v\u00e0 trao \u0111\u1ed5i l\u00e0nh m\u1ea1nh, t\u00f4n tr\u1ecdng t\u00e1c quy\u1ec1n.<\/span><\/li>\n<\/ul>\n<p><span style=\"font-size: 14pt;\"><strong><em><span style=\"font-family: verdana, geneva, sans-serif;\">Xin tr\u00e2n tr\u1ecdng c\u1ea3m \u01a1n c\u00e1c b\u1ea1n \u0111\u00e3 quan t\u00e2m v\u00e0 \u1ee7ng h\u1ed9 trang web trong su\u1ed1t th\u1eddi gian qua.<\/span><\/em><\/strong><\/span><\/p>\n<\/div>\n<div style=\"display: none;\"\n    class=\"kk-star-ratings kksr-valign-bottom kksr-align-left kksr-disabled\"\n    data-id=\"344\"\n    data-slug=\"\">\n    <div class=\"kksr-stars\">\n    <div class=\"kksr-stars-inactive\">\n            <div class=\"kksr-star\" data-star=\"1\">\n            <div class=\"kksr-icon\" style=\"width: px; height: px;\"><\/div>\n        <\/div>\n            <div class=\"kksr-star\" data-star=\"2\">\n            <div class=\"kksr-icon\" style=\"width: px; height: px;\"><\/div>\n        <\/div>\n            <div class=\"kksr-star\" data-star=\"3\">\n            <div class=\"kksr-icon\" style=\"width: px; height: px;\"><\/div>\n        <\/div>\n            <div class=\"kksr-star\" data-star=\"4\">\n            <div class=\"kksr-icon\" style=\"width: px; height: px;\"><\/div>\n        <\/div>\n            <div class=\"kksr-star\" data-star=\"5\">\n            <div class=\"kksr-icon\" style=\"width: px; height: px;\"><\/div>\n        <\/div>\n    <\/div>\n    <div class=\"kksr-stars-active\" style=\"width: 0px;\">\n            <div class=\"kksr-star\">\n            <div class=\"kksr-icon\" style=\"width: px; height: px;\"><\/div>\n        <\/div>\n            <div class=\"kksr-star\">\n            <div class=\"kksr-icon\" style=\"width: px; height: px;\"><\/div>\n        <\/div>\n            <div class=\"kksr-star\">\n            <div class=\"kksr-icon\" style=\"width: px; height: px;\"><\/div>\n        <\/div>\n            <div class=\"kksr-star\">\n            <div class=\"kksr-icon\" style=\"width: px; height: px;\"><\/div>\n        <\/div>\n            <div class=\"kksr-star\">\n            <div class=\"kksr-icon\" style=\"width: px; height: px;\"><\/div>\n        <\/div>\n    <\/div>\n<\/div>\n    <div class=\"kksr-legend\">\n            <strong class=\"kksr-score\">5<\/strong>\n        <span class=\"kksr-muted\">\/<\/span>\n        <strong>5<\/strong>\n        <span class=\"kksr-muted\">(<\/span>\n        <strong class=\"kksr-count\">1<\/strong>\n        <span class=\"kksr-muted\">\n            b\u00ecnh ch\u1ecdn        <\/span>\n        <span class=\"kksr-muted\">)<\/span>\n    <\/div>\n<\/div>\n","protected":false},"excerpt":{"rendered":"<p>Thulaptopcugiacao.com l\u00e0 trang blog c\u00e1 nh\u00e2n, t\u1ed5ng h\u1ee3p h\u1ee3p c\u00e1c kinh nghi\u1ec7m v\u1ec3 m\u00e1y t\u00ednh Laptop v\u00e0 c\u0169ng l\u00e0 trang d\u1ecbch v\u1ee5 v\u1ec1 thu mua laptop macbook c\u0169. T\u1ea5t c\u1ea3 c\u00e1c b\u00e0i vi\u1ebft, th\u00f4ng tin tr\u00ean trang \u0111\u1ec1u \u0111\u01b0\u1ee3c t\u00e1c gi\u1ea3 t\u1ef1 vi\u1ebft. \u00a0Trong to\u00e0n b\u1ed9 n\u1ed9i dung b\u00e0i vi\u1ebft tr\u00ean Thulaptopcugiacao.com\u00a0s\u1ebd c\u00f3 m\u1ed9t s\u1ed1 [&hellip;]<\/p>\n","protected":false},"author":1,"featured_media":0,"parent":0,"menu_order":0,"comment_status":"closed","ping_status":"closed","template":"","meta":[],"yoast_head":"<!-- This site is optimized with the Yoast SEO plugin v16.9 - https:\/\/yoast.com\/wordpress\/plugins\/seo\/ -->\n<meta name=\"description\" content=\"M\u1ecdi v\u1ea5n \u0111\u1ec1 li\u00ean quan \u0111\u1ebfn \u0111i\u1ec1u kho\u1ea3n s\u1eed d\u1ee5ng \u0111\u1ed1i v\u1edbi trang web thulaptopcugiacao.com c\u1ee7a ch\u00fang t\u00f4i. C\u00e1c b\u1ea1n ph\u1ea3i tu\u00e2n th\u1ee7 nh\u1eefng Quy \u0111\u1ecbnh n\u00e0y .\" \/>\n<meta name=\"robots\" content=\"index, follow, max-snippet:-1, max-image-preview:large, max-video-preview:-1\" \/>\n<link rel=\"canonical\" href=\"https:\/\/thulaptopcugiacao.com\/?page_id=344\" \/>\n<meta property=\"og:locale\" content=\"vi_VN\" \/>\n<meta property=\"og:type\" content=\"article\" \/>\n<meta property=\"og:title\" content=\"\u0110i\u1ec1u Kho\u1ea3n S\u1eed D\u1ee5ng - Thu mua Laptop c\u0169\" \/>\n<meta property=\"og:description\" content=\"M\u1ecdi v\u1ea5n \u0111\u1ec1 li\u00ean quan \u0111\u1ebfn \u0111i\u1ec1u kho\u1ea3n s\u1eed d\u1ee5ng \u0111\u1ed1i v\u1edbi trang web thulaptopcugiacao.com c\u1ee7a ch\u00fang t\u00f4i. C\u00e1c b\u1ea1n ph\u1ea3i tu\u00e2n th\u1ee7 nh\u1eefng Quy \u0111\u1ecbnh n\u00e0y .\" \/>\n<meta property=\"og:url\" content=\"https:\/\/thulaptopcugiacao.com\/?page_id=344\" \/>\n<meta property=\"og:site_name\" content=\"Thu mua Laptop c\u0169\" \/>\n<meta property=\"article:modified_time\" content=\"2021-07-22T08:29:36+00:00\" \/>\n<meta name=\"twitter:card\" content=\"summary\" \/>\n<meta name=\"twitter:label1\" content=\"\u01af\u1edbc t\u00ednh th\u1eddi gian \u0111\u1ecdc\" \/>\n\t<meta name=\"twitter:data1\" content=\"9 ph\u00fat\" \/>\n<script type=\"application\/ld+json\" class=\"yoast-schema-graph\">{\"@context\":\"https:\/\/schema.org\",\"@graph\":[{\"@type\":\"WebSite\",\"@id\":\"https:\/\/thulaptopcugiacao.com\/#website\",\"url\":\"https:\/\/thulaptopcugiacao.com\/\",\"name\":\"Thu mua Laptop c\\u0169\",\"description\":\"Thu mua Laptop T\\u1eadn n\\u01a1i TPHCM 0908.808806. D\\u1ecbch v\\u1ee5 chuy\\u00ean thu mua Laptop c\\u0169 gi\\u00e1 cao nh\\u1ea5t HCM. C\\u00f4ng ty thu mua Laptop c\\u0169 t\\u1eadn n\\u01a1i, kh\\u00f4ng k\\u1ef3 k\\u00e8o \\u00e9p gi\\u00e1.\",\"potentialAction\":[{\"@type\":\"SearchAction\",\"target\":{\"@type\":\"EntryPoint\",\"urlTemplate\":\"https:\/\/thulaptopcugiacao.com\/?s={search_term_string}\"},\"query-input\":\"required name=search_term_string\"}],\"inLanguage\":\"vi\"},{\"@type\":\"WebPage\",\"@id\":\"https:\/\/thulaptopcugiacao.com\/?page_id=344#webpage\",\"url\":\"https:\/\/thulaptopcugiacao.com\/?page_id=344\",\"name\":\"\\u0110i\\u1ec1u Kho\\u1ea3n S\\u1eed D\\u1ee5ng - Thu mua Laptop c\\u0169\",\"isPartOf\":{\"@id\":\"https:\/\/thulaptopcugiacao.com\/#website\"},\"datePublished\":\"2018-10-03T11:56:11+00:00\",\"dateModified\":\"2021-07-22T08:29:36+00:00\",\"description\":\"M\\u1ecdi v\\u1ea5n \\u0111\\u1ec1 li\\u00ean quan \\u0111\\u1ebfn \\u0111i\\u1ec1u kho\\u1ea3n s\\u1eed d\\u1ee5ng \\u0111\\u1ed1i v\\u1edbi trang web thulaptopcugiacao.com c\\u1ee7a ch\\u00fang t\\u00f4i. C\\u00e1c b\\u1ea1n ph\\u1ea3i tu\\u00e2n th\\u1ee7 nh\\u1eefng Quy \\u0111\\u1ecbnh n\\u00e0y .\",\"breadcrumb\":{\"@id\":\"https:\/\/thulaptopcugiacao.com\/?page_id=344#breadcrumb\"},\"inLanguage\":\"vi\",\"potentialAction\":[{\"@type\":\"ReadAction\",\"target\":[\"https:\/\/thulaptopcugiacao.com\/?page_id=344\"]}]},{\"@type\":\"BreadcrumbList\",\"@id\":\"https:\/\/thulaptopcugiacao.com\/?page_id=344#breadcrumb\",\"itemListElement\":[{\"@type\":\"ListItem\",\"position\":1,\"name\":\"Home\",\"item\":\"https:\/\/thulaptopcugiacao.com\/\"},{\"@type\":\"ListItem\",\"position\":2,\"name\":\"\\u0110i\\u1ec1u Kho\\u1ea3n S\\u1eed D\\u1ee5ng\"}]}]}<\/script>\n<!-- \/ Yoast SEO plugin. -->","yoast_head_json":{"description":"M\u1ecdi v\u1ea5n \u0111\u1ec1 li\u00ean quan \u0111\u1ebfn \u0111i\u1ec1u kho\u1ea3n s\u1eed d\u1ee5ng \u0111\u1ed1i v\u1edbi trang web thulaptopcugiacao.com c\u1ee7a ch\u00fang t\u00f4i. C\u00e1c b\u1ea1n ph\u1ea3i tu\u00e2n th\u1ee7 nh\u1eefng Quy \u0111\u1ecbnh n\u00e0y .","robots":{"index":"index","follow":"follow","max-snippet":"max-snippet:-1","max-image-preview":"max-image-preview:large","max-video-preview":"max-video-preview:-1"},"canonical":"https:\/\/thulaptopcugiacao.com\/?page_id=344","og_locale":"vi_VN","og_type":"article","og_title":"\u0110i\u1ec1u Kho\u1ea3n S\u1eed D\u1ee5ng - Thu mua Laptop c\u0169","og_description":"M\u1ecdi v\u1ea5n \u0111\u1ec1 li\u00ean quan \u0111\u1ebfn \u0111i\u1ec1u kho\u1ea3n s\u1eed d\u1ee5ng \u0111\u1ed1i v\u1edbi trang web thulaptopcugiacao.com c\u1ee7a ch\u00fang t\u00f4i. C\u00e1c b\u1ea1n ph\u1ea3i tu\u00e2n th\u1ee7 nh\u1eefng Quy \u0111\u1ecbnh n\u00e0y .","og_url":"https:\/\/thulaptopcugiacao.com\/?page_id=344","og_site_name":"Thu mua Laptop c\u0169","article_modified_time":"2021-07-22T08:29:36+00:00","twitter_card":"summary","twitter_misc":{"\u01af\u1edbc t\u00ednh th\u1eddi gian \u0111\u1ecdc":"9 ph\u00fat"},"schema":{"@context":"https:\/\/schema.org","@graph":[{"@type":"WebSite","@id":"https:\/\/thulaptopcugiacao.com\/#website","url":"https:\/\/thulaptopcugiacao.com\/","name":"Thu mua Laptop c\u0169","description":"Thu mua Laptop T\u1eadn n\u01a1i TPHCM 0908.808806. D\u1ecbch v\u1ee5 chuy\u00ean thu mua Laptop c\u0169 gi\u00e1 cao nh\u1ea5t HCM. C\u00f4ng ty thu mua Laptop c\u0169 t\u1eadn n\u01a1i, kh\u00f4ng k\u1ef3 k\u00e8o \u00e9p gi\u00e1.","potentialAction":[{"@type":"SearchAction","target":{"@type":"EntryPoint","urlTemplate":"https:\/\/thulaptopcugiacao.com\/?s={search_term_string}"},"query-input":"required name=search_term_string"}],"inLanguage":"vi"},{"@type":"WebPage","@id":"https:\/\/thulaptopcugiacao.com\/?page_id=344#webpage","url":"https:\/\/thulaptopcugiacao.com\/?page_id=344","name":"\u0110i\u1ec1u Kho\u1ea3n S\u1eed D\u1ee5ng - Thu mua Laptop c\u0169","isPartOf":{"@id":"https:\/\/thulaptopcugiacao.com\/#website"},"datePublished":"2018-10-03T11:56:11+00:00","dateModified":"2021-07-22T08:29:36+00:00","description":"M\u1ecdi v\u1ea5n \u0111\u1ec1 li\u00ean quan \u0111\u1ebfn \u0111i\u1ec1u kho\u1ea3n s\u1eed d\u1ee5ng \u0111\u1ed1i v\u1edbi trang web thulaptopcugiacao.com c\u1ee7a ch\u00fang t\u00f4i. C\u00e1c b\u1ea1n ph\u1ea3i tu\u00e2n th\u1ee7 nh\u1eefng Quy \u0111\u1ecbnh n\u00e0y .","breadcrumb":{"@id":"https:\/\/thulaptopcugiacao.com\/?page_id=344#breadcrumb"},"inLanguage":"vi","potentialAction":[{"@type":"ReadAction","target":["https:\/\/thulaptopcugiacao.com\/?page_id=344"]}]},{"@type":"BreadcrumbList","@id":"https:\/\/thulaptopcugiacao.com\/?page_id=344#breadcrumb","itemListElement":[{"@type":"ListItem","position":1,"name":"Home","item":"https:\/\/thulaptopcugiacao.com\/"},{"@type":"ListItem","position":2,"name":"\u0110i\u1ec1u Kho\u1ea3n S\u1eed D\u1ee5ng"}]}]}},"_links":{"self":[{"href":"https:\/\/thulaptopcugiacao.com\/index.php?rest_route=\/wp\/v2\/pages\/344"}],"collection":[{"href":"https:\/\/thulaptopcugiacao.com\/index.php?rest_route=\/wp\/v2\/pages"}],"about":[{"href":"https:\/\/thulaptopcugiacao.com\/index.php?rest_route=\/wp\/v2\/types\/page"}],"author":[{"embeddable":true,"href":"https:\/\/thulaptopcugiacao.com\/index.php?rest_route=\/wp\/v2\/users\/1"}],"replies":[{"embeddable":true,"href":"https:\/\/thulaptopcugiacao.com\/index.php?rest_route=%2Fwp%2Fv2%2Fcomments&post=344"}],"version-history":[{"count":2,"href":"https:\/\/thulaptopcugiacao.com\/index.php?rest_route=\/wp\/v2\/pages\/344\/revisions"}],"predecessor-version":[{"id":567,"href":"https:\/\/thulaptopcugiacao.com\/index.php?rest_route=\/wp\/v2\/pages\/344\/revisions\/567"}],"wp:attachment":[{"href":"https:\/\/thulaptopcugiacao.com\/index.php?rest_route=%2Fwp%2Fv2%2Fmedia&parent=344"}],"curies":[{"name":"wp","href":"https:\/\/api.w.org\/{rel}","templated":true}]}}