{"id":364,"date":"2018-10-03T14:18:18","date_gmt":"2018-10-03T14:18:18","guid":{"rendered":"http:\/\/thulaptopcugiacao.com\/?page_id=364"},"modified":"2018-10-03T14:19:33","modified_gmt":"2018-10-03T14:19:33","slug":"gioi-thieu","status":"publish","type":"page","link":"https:\/\/thulaptopcugiacao.com\/?page_id=364","title":{"rendered":"Gi\u1edbi Thi\u1ec7u"},"content":{"rendered":"<p><span style=\"font-family: verdana, geneva, sans-serif;\">T\u00f4i l\u00e0 H\u1eadu, kinh doanh trong l\u0129nh v\u1ef1c Laptop : <a href=\"http:\/\/thulaptopcugiacao.com\">thu mua laptop c\u0169<\/a>, <a href=\"http:\/\/laptophcm.com\">b\u00e1n laptop c\u0169<\/a>, s\u1eeda ch\u1eefa laptop. H\u00e2n h\u1ea1nh \u0111\u01b0\u1ee3c l\u00e0m quen v\u1edbi t\u1ea5t c\u1ea3 c\u00e1c b\u1ea1n. R\u1ea5t vui \u0111\u01b0\u1ee3c chia s\u1ebb nh\u1eefng kinh nghi\u1ec7m t\u00edch l\u0169y trong qu\u00e1 tr\u00ecnh l\u00e0m vi\u1ec7c c\u1ee7a m\u00ecnh.<\/span><\/p>\n<p><span style=\"font-family: verdana, geneva, sans-serif;\"><img loading=\"lazy\" class=\"aligncenter size-full wp-image-67\" src=\"http:\/\/thulaptopcugiacao.com\/wp-content\/uploads\/2017\/04\/banner-2.png\" alt=\"\" width=\"700\" height=\"100\" srcset=\"https:\/\/thulaptopcugiacao.com\/wp-content\/uploads\/2017\/04\/banner-2.png 700w, https:\/\/thulaptopcugiacao.com\/wp-content\/uploads\/2017\/04\/banner-2-300x43.png 300w\" sizes=\"(max-width: 700px) 100vw, 700px\" \/><\/span><\/p>\n<p><span style=\"font-family: verdana, geneva, sans-serif;\">T\u00f4i v\u00e0o ngh\u1ec1 v\u00e0o n\u0103m 2010 khi Laptop v\u1eabn c\u00f2n l\u00e0 m\u1ed9t th\u1ee9 xa x\u1ec9 \u0111\u1ed1i v\u1edbi d\u00e2n m\u00ecnh. Gi\u00e1 th\u00e0nh c\u1ee7a chi\u1ebfc Laptop kh\u00e1 cao, kh\u00f4ng ph\u1ea3i ai c\u0169ng c\u00f3 th\u1ec3 mua \u0111\u01b0\u1ee3c. Kinh t\u1ebf \u0111\u1ea5t n\u01b0\u1edbc l\u00fac \u0111\u00f3 th\u00ec c\u00f2n ngh\u00e8o, ng\u01b0\u1eddi d\u00e2n ki\u1ebfm t\u1eebng mi\u1ebfng \u0103n \u0111\u00e3 kh\u00f3. T\u00f4i y\u00eau c\u00e1i ngh\u1ec1 m\u00ecnh \u0111ang l\u00e0m l\u1eafm c\u00e1c b\u1ea1n \u1ea1, t\u00f4i l\u00e0m vi\u1ec7c v\u1edbi c\u1ea3 tr\u00e1i tim v\u00e0 ni\u1ec1m \u0111am m\u00ea. T\u00f4i c\u00f3 th\u1ec3 ng\u1ed3i v\u1edbi m\u00e1y t\u00ednh nguy\u00ean c\u1ea3 ng\u00e0y v\u00e0 c\u00f3 khi \u0111\u1ebfn c\u1ea3 2 3h \u0111\u00eam lu\u00f4n v\u1eabn kh\u00f4ng m\u1ec7t m\u1ecfi. B\u1edfi v\u00ec \u0111\u1ed1i v\u1edbi t\u00f4i, n\u00f3 l\u00e0 gi\u1ea3i tr\u00ed ch\u1ee9 kh\u00f4ng ph\u1ea3i l\u00e0 c\u00f4ng vi\u1ec7c.<\/span><\/p>\n<p><span style=\"font-family: verdana, geneva, sans-serif;\">Th\u1eddi sinh vi\u00ean t\u00f4i ngh\u00e8o l\u1eafm, nh\u00ecn b\u1ea1n b\u00e8 c\u00f3 chi\u1ebfc Laptop m\u00e0 t\u00f4i th\u00e8m bi\u1ebft bao nhi\u00eau. Chi\u1ebfc m\u00e1y m\u00e0 t\u00f4i th\u1ea5y b\u1ea1n m\u00ecnh d\u00f9ng \u0111\u1ea7u ti\u00ean l\u00e0 \u1edf k\u00fd t\u00fac x\u00e1. M\u1ed9t con PC Pentium 3 v\u1edbi c\u00e1i m\u00e0n h\u00ecnh CRT ch\u00e0 b\u00e1, m\u00e1y c\u0169 m\u00e0 b\u1ea1n \u1ea5y \u0111\u00e3 mua v\u1edbi gi\u00e1 12 tri\u1ec7u \u0111\u1ed3ng \u0111\u1ea5y. B\u1ea1n \u0111\u1ec3 trong ph\u00f2ng ch\u1ec9 \u0111\u1ec3 ch\u01a1i Game, xem phim \u0111\u0129a th\u00f4i. L\u00e2u l\u00e2u tui len l\u00e9n d\u00f9ng k\u00e9 c\u1ea3m gi\u00e1c v\u1eeba vui m\u00e0 v\u1eeba t\u1ee7i, v\u00e2ng t\u1ee7i l\u1eafm.<\/span><\/p>\n<p><span style=\"font-family: verdana, geneva, sans-serif;\">B\u00e2y gi\u1edd th\u00ec Laptop c\u0169ng r\u1ebb r\u1ed3i, t\u1eeb 1 tri\u1ec7u th\u00f4i b\u1ea1n c\u0169ng c\u00f3 1 m\u00e1y \u0111\u1ec3 d\u00f9ng v\u0103n ph\u00f2ng l\u01b0\u1edbt web xem phim r\u1ed3i. T\u00f4i theo \u0111u\u1ed5i ni\u1ec1m \u0111am m\u00ea c\u1ee7a m\u00ecnh, gi\u1edd t\u00f4i c\u0169ng th\u00e0nh c\u00f4ng r\u1ed3i. Ng\u00e0y x\u01b0a t\u00f4i \u01b0\u1edbc ch\u1ec9 c\u1ea7n c\u00f3 1 c\u00e1i m\u00e1y th\u00f4i. Gi\u1edd t\u00f4i kh\u00f4ng ch\u1ec9 c\u00f3 1 c\u00e1i m\u00e0 c\u00f3 c\u1ea3 tr\u0103m c\u00e1i c\u00e1c b\u1ea1n \u1ea1. Th\u00edch l\u1eafm, xoay qua c\u00e1i n\u00e0y l\u00e0m, v\u1edb t\u1edbi c\u00e1i kia l\u00e0m. \u00c0 t\u00f4i \u0111ang l\u00e0m vi\u1ec7c c\u1ee7a m\u00ecnh \u0111\u1ea5y, t\u00f4i c\u00e0i m\u00e1y, v\u1ec7 sinh, &#8230; \u0111\u1ec3 b\u00e1n m\u00e1y l\u1ea1i cho nh\u1eefng b\u1ea1n c\u1ea7n. T\u00f4i v\u1eeba th\u1ecfa ni\u1ec1m \u0111am m\u00ea v\u1eeba c\u00f3 th\u00eam thu nh\u1eadp.<\/span><\/p>\n<p><span style=\"font-family: verdana, geneva, sans-serif;\">N\u1ebfu c\u00e1c b\u1ea1n c\u00f3 nhu c\u1ea7u b\u00e1n laptop c\u0169 ho\u1eb7c mua laptop c\u0169 \u0111\u1ec3 d\u00f9ng th\u00ec h\u00e3y li\u00ean h\u1ec7 v\u1edbi t\u00f4i nh\u00e9. N\u1ebfu c\u00f3 chung ni\u1ec1m \u0111am m\u00ea v\u1edbi t\u00f4i th\u00ec cafe n\u00f3i chuy\u1ec7n s\u1ebd r\u1ea5t vui. T\u00f4i c\u1edfi m\u1edf, vui v\u1ebb v\u00e0 d\u1ec5 g\u1ea7n l\u1eafm.<\/span><\/p>\n<p><span style=\"font-family: verdana, geneva, sans-serif;\">Web n\u00e0y l\u00e0 do t\u1ef1 tay t\u00f4i l\u00e0m l\u1ea5y, v\u00e0 t\u00f4i c\u00f2n l\u00e0m nhi\u1ec1u trang web kh\u00e1c n\u1eefa. T\u00f4i th\u1ee9c \u0111\u00eam t\u1ef1 m\u00e0y m\u00f2 l\u00e0m c\u1ea3 \u0111\u00f3, c\u00e1c b\u1ea1n c\u00f3 th\u1ec3 tham kh\u1ea3o v\u00e0i v\u00f2ng. \u0110\u1eb7c bi\u1ec7t l\u00e0 t\u00f4i t\u1ef1 seo t\u1eeb kh\u00f3a web n\u00e0y l\u00ean top google lu\u00f4n \u0111\u1ea5y. N\u1ebfu b\u1ea1n kh\u00f4ng tin c\u00f3 th\u1ec3 g\u00f5 v\u00e0o google t\u1eeb kh\u00f3a &#8220;thu mua laptop cu tphcm&#8221; nh\u00e9.<\/span><\/p>\n<p><span style=\"font-family: verdana, geneva, sans-serif;\">T\u00f4i c\u00f3 FB c\u00e1 nh\u00e2n : <a href=\"http:\/\/fb.com\/thulaptopcu\">fb.com\/thulaptopcu<\/a> c\u00e1c b\u1ea1n c\u00f3 th\u1ec3 ad \u0111\u1ec3 l\u00e0m quen tho\u1ea3i m\u00e1i.<\/span><\/p>\n<div id=\"attachment_365\" style=\"width: 682px\" class=\"wp-caption aligncenter\"><img aria-describedby=\"caption-attachment-365\" loading=\"lazy\" class=\"size-full wp-image-365\" src=\"http:\/\/thulaptopcugiacao.com\/wp-content\/uploads\/2018\/10\/laptopHCM.jpg\" alt=\"ban laptop cu\" width=\"672\" height=\"267\" srcset=\"https:\/\/thulaptopcugiacao.com\/wp-content\/uploads\/2018\/10\/laptopHCM.jpg 672w, https:\/\/thulaptopcugiacao.com\/wp-content\/uploads\/2018\/10\/laptopHCM-300x119.jpg 300w\" sizes=\"(max-width: 672px) 100vw, 672px\" \/><p id=\"caption-attachment-365\" class=\"wp-caption-text\"><\/span> <span style=\"font-family: verdana, geneva, sans-serif;\">LaptopHCM.com &#8211; Chuy\u00ean b\u00e1n Laptop c\u0169<\/span><\/p><\/div>\n<p><span style=\"font-family: verdana, geneva, sans-serif;\">Xin tr\u00e2n tr\u1ecdng c\u00e1m \u01a1n c\u00e1c b\u1ea1n \u0111\u00e3 \u0111\u1ecdc b\u00e0i vi\u1ebft.<\/span><\/p>\n<div style=\"display: none;\"\n    class=\"kk-star-ratings kksr-valign-bottom kksr-align-left kksr-disabled\"\n    data-id=\"364\"\n    data-slug=\"\">\n    <div class=\"kksr-stars\">\n    <div class=\"kksr-stars-inactive\">\n            <div class=\"kksr-star\" data-star=\"1\">\n            <div class=\"kksr-icon\" style=\"width: px; height: px;\"><\/div>\n        <\/div>\n            <div class=\"kksr-star\" data-star=\"2\">\n            <div class=\"kksr-icon\" style=\"width: px; height: px;\"><\/div>\n        <\/div>\n            <div class=\"kksr-star\" data-star=\"3\">\n            <div class=\"kksr-icon\" style=\"width: px; height: px;\"><\/div>\n        <\/div>\n            <div class=\"kksr-star\" data-star=\"4\">\n            <div class=\"kksr-icon\" style=\"width: px; height: px;\"><\/div>\n        <\/div>\n            <div class=\"kksr-star\" data-star=\"5\">\n            <div class=\"kksr-icon\" style=\"width: px; height: px;\"><\/div>\n        <\/div>\n    <\/div>\n    <div class=\"kksr-stars-active\" style=\"width: 0px;\">\n            <div class=\"kksr-star\">\n            <div class=\"kksr-icon\" style=\"width: px; height: px;\"><\/div>\n        <\/div>\n            <div class=\"kksr-star\">\n            <div class=\"kksr-icon\" style=\"width: px; height: px;\"><\/div>\n        <\/div>\n            <div class=\"kksr-star\">\n            <div class=\"kksr-icon\" style=\"width: px; height: px;\"><\/div>\n        <\/div>\n            <div class=\"kksr-star\">\n            <div class=\"kksr-icon\" style=\"width: px; height: px;\"><\/div>\n        <\/div>\n            <div class=\"kksr-star\">\n            <div class=\"kksr-icon\" style=\"width: px; height: px;\"><\/div>\n        <\/div>\n    <\/div>\n<\/div>\n    <div class=\"kksr-legend\">\n            <strong class=\"kksr-score\">5<\/strong>\n        <span class=\"kksr-muted\">\/<\/span>\n        <strong>5<\/strong>\n        <span class=\"kksr-muted\">(<\/span>\n        <strong class=\"kksr-count\">1<\/strong>\n        <span class=\"kksr-muted\">\n            b\u00ecnh ch\u1ecdn        <\/span>\n        <span class=\"kksr-muted\">)<\/span>\n    <\/div>\n<\/div>\n","protected":false},"excerpt":{"rendered":"<p>T\u00f4i l\u00e0 H\u1eadu, kinh doanh trong l\u0129nh v\u1ef1c Laptop : thu mua laptop c\u0169, b\u00e1n laptop c\u0169, s\u1eeda ch\u1eefa laptop. H\u00e2n h\u1ea1nh \u0111\u01b0\u1ee3c l\u00e0m quen v\u1edbi t\u1ea5t c\u1ea3 c\u00e1c b\u1ea1n. R\u1ea5t vui \u0111\u01b0\u1ee3c chia s\u1ebb nh\u1eefng kinh nghi\u1ec7m t\u00edch l\u0169y trong qu\u00e1 tr\u00ecnh l\u00e0m vi\u1ec7c c\u1ee7a m\u00ecnh. T\u00f4i v\u00e0o ngh\u1ec1 v\u00e0o n\u0103m 2010 khi Laptop [&hellip;]<\/p>\n","protected":false},"author":1,"featured_media":0,"parent":0,"menu_order":0,"comment_status":"closed","ping_status":"closed","template":"","meta":[],"yoast_head":"<!-- This site is optimized with the Yoast SEO plugin v16.9 - https:\/\/yoast.com\/wordpress\/plugins\/seo\/ -->\n<meta name=\"robots\" content=\"index, follow, max-snippet:-1, max-image-preview:large, max-video-preview:-1\" \/>\n<link rel=\"canonical\" href=\"https:\/\/thulaptopcugiacao.com\/?page_id=364\" \/>\n<meta property=\"og:locale\" content=\"vi_VN\" \/>\n<meta property=\"og:type\" content=\"article\" \/>\n<meta property=\"og:title\" content=\"Gi\u1edbi Thi\u1ec7u - Thu mua Laptop c\u0169\" \/>\n<meta property=\"og:description\" content=\"T\u00f4i l\u00e0 H\u1eadu, kinh doanh trong l\u0129nh v\u1ef1c Laptop : thu mua laptop c\u0169, b\u00e1n laptop c\u0169, s\u1eeda ch\u1eefa laptop. H\u00e2n h\u1ea1nh \u0111\u01b0\u1ee3c l\u00e0m quen v\u1edbi t\u1ea5t c\u1ea3 c\u00e1c b\u1ea1n. R\u1ea5t vui \u0111\u01b0\u1ee3c chia s\u1ebb nh\u1eefng kinh nghi\u1ec7m t\u00edch l\u0169y trong qu\u00e1 tr\u00ecnh l\u00e0m vi\u1ec7c c\u1ee7a m\u00ecnh. T\u00f4i v\u00e0o ngh\u1ec1 v\u00e0o n\u0103m 2010 khi Laptop [&hellip;]\" \/>\n<meta property=\"og:url\" content=\"https:\/\/thulaptopcugiacao.com\/?page_id=364\" \/>\n<meta property=\"og:site_name\" content=\"Thu mua Laptop c\u0169\" \/>\n<meta property=\"article:modified_time\" content=\"2018-10-03T14:19:33+00:00\" \/>\n<meta property=\"og:image\" content=\"http:\/\/thulaptopcugiacao.com\/wp-content\/uploads\/2017\/04\/banner-2.png\" \/>\n<meta name=\"twitter:card\" content=\"summary\" \/>\n<meta name=\"twitter:label1\" content=\"\u01af\u1edbc t\u00ednh th\u1eddi gian \u0111\u1ecdc\" \/>\n\t<meta name=\"twitter:data1\" content=\"4 ph\u00fat\" \/>\n<script type=\"application\/ld+json\" class=\"yoast-schema-graph\">{\"@context\":\"https:\/\/schema.org\",\"@graph\":[{\"@type\":\"WebSite\",\"@id\":\"https:\/\/thulaptopcugiacao.com\/#website\",\"url\":\"https:\/\/thulaptopcugiacao.com\/\",\"name\":\"Thu mua Laptop c\\u0169\",\"description\":\"Thu mua Laptop T\\u1eadn n\\u01a1i TPHCM 0908.808806. D\\u1ecbch v\\u1ee5 chuy\\u00ean thu mua Laptop c\\u0169 gi\\u00e1 cao nh\\u1ea5t HCM. C\\u00f4ng ty thu mua Laptop c\\u0169 t\\u1eadn n\\u01a1i, kh\\u00f4ng k\\u1ef3 k\\u00e8o \\u00e9p gi\\u00e1.\",\"potentialAction\":[{\"@type\":\"SearchAction\",\"target\":{\"@type\":\"EntryPoint\",\"urlTemplate\":\"https:\/\/thulaptopcugiacao.com\/?s={search_term_string}\"},\"query-input\":\"required name=search_term_string\"}],\"inLanguage\":\"vi\"},{\"@type\":\"ImageObject\",\"@id\":\"https:\/\/thulaptopcugiacao.com\/?page_id=364#primaryimage\",\"inLanguage\":\"vi\",\"url\":\"http:\/\/thulaptopcugiacao.com\/wp-content\/uploads\/2017\/04\/banner-2.png\",\"contentUrl\":\"http:\/\/thulaptopcugiacao.com\/wp-content\/uploads\/2017\/04\/banner-2.png\"},{\"@type\":\"WebPage\",\"@id\":\"https:\/\/thulaptopcugiacao.com\/?page_id=364#webpage\",\"url\":\"https:\/\/thulaptopcugiacao.com\/?page_id=364\",\"name\":\"Gi\\u1edbi Thi\\u1ec7u - Thu mua Laptop c\\u0169\",\"isPartOf\":{\"@id\":\"https:\/\/thulaptopcugiacao.com\/#website\"},\"primaryImageOfPage\":{\"@id\":\"https:\/\/thulaptopcugiacao.com\/?page_id=364#primaryimage\"},\"datePublished\":\"2018-10-03T14:18:18+00:00\",\"dateModified\":\"2018-10-03T14:19:33+00:00\",\"breadcrumb\":{\"@id\":\"https:\/\/thulaptopcugiacao.com\/?page_id=364#breadcrumb\"},\"inLanguage\":\"vi\",\"potentialAction\":[{\"@type\":\"ReadAction\",\"target\":[\"https:\/\/thulaptopcugiacao.com\/?page_id=364\"]}]},{\"@type\":\"BreadcrumbList\",\"@id\":\"https:\/\/thulaptopcugiacao.com\/?page_id=364#breadcrumb\",\"itemListElement\":[{\"@type\":\"ListItem\",\"position\":1,\"name\":\"Home\",\"item\":\"https:\/\/thulaptopcugiacao.com\/\"},{\"@type\":\"ListItem\",\"position\":2,\"name\":\"Gi\\u1edbi Thi\\u1ec7u\"}]}]}<\/script>\n<!-- \/ Yoast SEO plugin. -->","yoast_head_json":{"robots":{"index":"index","follow":"follow","max-snippet":"max-snippet:-1","max-image-preview":"max-image-preview:large","max-video-preview":"max-video-preview:-1"},"canonical":"https:\/\/thulaptopcugiacao.com\/?page_id=364","og_locale":"vi_VN","og_type":"article","og_title":"Gi\u1edbi Thi\u1ec7u - Thu mua Laptop c\u0169","og_description":"T\u00f4i l\u00e0 H\u1eadu, kinh doanh trong l\u0129nh v\u1ef1c Laptop : thu mua laptop c\u0169, b\u00e1n laptop c\u0169, s\u1eeda ch\u1eefa laptop. H\u00e2n h\u1ea1nh \u0111\u01b0\u1ee3c l\u00e0m quen v\u1edbi t\u1ea5t c\u1ea3 c\u00e1c b\u1ea1n. R\u1ea5t vui \u0111\u01b0\u1ee3c chia s\u1ebb nh\u1eefng kinh nghi\u1ec7m t\u00edch l\u0169y trong qu\u00e1 tr\u00ecnh l\u00e0m vi\u1ec7c c\u1ee7a m\u00ecnh. T\u00f4i v\u00e0o ngh\u1ec1 v\u00e0o n\u0103m 2010 khi Laptop [&hellip;]","og_url":"https:\/\/thulaptopcugiacao.com\/?page_id=364","og_site_name":"Thu mua Laptop c\u0169","article_modified_time":"2018-10-03T14:19:33+00:00","og_image":[{"url":"http:\/\/thulaptopcugiacao.com\/wp-content\/uploads\/2017\/04\/banner-2.png"}],"twitter_card":"summary","twitter_misc":{"\u01af\u1edbc t\u00ednh th\u1eddi gian \u0111\u1ecdc":"4 ph\u00fat"},"schema":{"@context":"https:\/\/schema.org","@graph":[{"@type":"WebSite","@id":"https:\/\/thulaptopcugiacao.com\/#website","url":"https:\/\/thulaptopcugiacao.com\/","name":"Thu mua Laptop c\u0169","description":"Thu mua Laptop T\u1eadn n\u01a1i TPHCM 0908.808806. D\u1ecbch v\u1ee5 chuy\u00ean thu mua Laptop c\u0169 gi\u00e1 cao nh\u1ea5t HCM. C\u00f4ng ty thu mua Laptop c\u0169 t\u1eadn n\u01a1i, kh\u00f4ng k\u1ef3 k\u00e8o \u00e9p gi\u00e1.","potentialAction":[{"@type":"SearchAction","target":{"@type":"EntryPoint","urlTemplate":"https:\/\/thulaptopcugiacao.com\/?s={search_term_string}"},"query-input":"required name=search_term_string"}],"inLanguage":"vi"},{"@type":"ImageObject","@id":"https:\/\/thulaptopcugiacao.com\/?page_id=364#primaryimage","inLanguage":"vi","url":"http:\/\/thulaptopcugiacao.com\/wp-content\/uploads\/2017\/04\/banner-2.png","contentUrl":"http:\/\/thulaptopcugiacao.com\/wp-content\/uploads\/2017\/04\/banner-2.png"},{"@type":"WebPage","@id":"https:\/\/thulaptopcugiacao.com\/?page_id=364#webpage","url":"https:\/\/thulaptopcugiacao.com\/?page_id=364","name":"Gi\u1edbi Thi\u1ec7u - Thu mua Laptop c\u0169","isPartOf":{"@id":"https:\/\/thulaptopcugiacao.com\/#website"},"primaryImageOfPage":{"@id":"https:\/\/thulaptopcugiacao.com\/?page_id=364#primaryimage"},"datePublished":"2018-10-03T14:18:18+00:00","dateModified":"2018-10-03T14:19:33+00:00","breadcrumb":{"@id":"https:\/\/thulaptopcugiacao.com\/?page_id=364#breadcrumb"},"inLanguage":"vi","potentialAction":[{"@type":"ReadAction","target":["https:\/\/thulaptopcugiacao.com\/?page_id=364"]}]},{"@type":"BreadcrumbList","@id":"https:\/\/thulaptopcugiacao.com\/?page_id=364#breadcrumb","itemListElement":[{"@type":"ListItem","position":1,"name":"Home","item":"https:\/\/thulaptopcugiacao.com\/"},{"@type":"ListItem","position":2,"name":"Gi\u1edbi Thi\u1ec7u"}]}]}},"_links":{"self":[{"href":"https:\/\/thulaptopcugiacao.com\/index.php?rest_route=\/wp\/v2\/pages\/364"}],"collection":[{"href":"https:\/\/thulaptopcugiacao.com\/index.php?rest_route=\/wp\/v2\/pages"}],"about":[{"href":"https:\/\/thulaptopcugiacao.com\/index.php?rest_route=\/wp\/v2\/types\/page"}],"author":[{"embeddable":true,"href":"https:\/\/thulaptopcugiacao.com\/index.php?rest_route=\/wp\/v2\/users\/1"}],"replies":[{"embeddable":true,"href":"https:\/\/thulaptopcugiacao.com\/index.php?rest_route=%2Fwp%2Fv2%2Fcomments&post=364"}],"version-history":[{"count":2,"href":"https:\/\/thulaptopcugiacao.com\/index.php?rest_route=\/wp\/v2\/pages\/364\/revisions"}],"predecessor-version":[{"id":367,"href":"https:\/\/thulaptopcugiacao.com\/index.php?rest_route=\/wp\/v2\/pages\/364\/revisions\/367"}],"wp:attachment":[{"href":"https:\/\/thulaptopcugiacao.com\/index.php?rest_route=%2Fwp%2Fv2%2Fmedia&parent=364"}],"curies":[{"name":"wp","href":"https:\/\/api.w.org\/{rel}","templated":true}]}}